{"id":115,"date":"2023-03-02T10:38:22","date_gmt":"2023-03-02T10:38:22","guid":{"rendered":"https:\/\/danish-biofiber.com\/?page_id=115"},"modified":"2023-03-08T12:49:06","modified_gmt":"2023-03-08T12:49:06","slug":"svenska","status":"publish","type":"page","link":"https:\/\/danish-biofiber.com\/index.php\/svenska\/","title":{"rendered":"Svenska"},"content":{"rendered":"\n<p>Denna danskutvecklade milj\u00f6urna \u00e4r gjord av v\u00e4xtfiber och s\u00f6nderfaller utan problem i naturen &#8211; hastigheten i nedbrytningsfasen \u00e4r givetvis beroende av fuktighet, temperatur och markens surhet, men vi har valt att inte l\u00e4gga till kemiska acceleratorer f\u00f6r att fr\u00e4mja nedbrytningen onaturligt.<\/p>\n\n\n\n<blockquote class=\"wp-block-quote is-layout-flow wp-block-quote-is-layout-flow\">\n<p>Naturvennlig urne laget i elegant design med mulighet for \u00e5 montere for eksempel blomster direkte p\u00e5 urnen.<\/p>\n<\/blockquote>\n\n\n\n<h2 class=\"wp-block-heading\">L\u00e4gg till en personlig touch<\/h2>\n\n\n\n<figure class=\"wp-block-gallery has-nested-images columns-4 is-cropped has-background wp-block-gallery-1 is-layout-flex wp-block-gallery-is-layout-flex\" style=\"background-color:#009846\">\n<figure class=\"wp-block-image size-large\"><img loading=\"lazy\" decoding=\"async\" width=\"800\" height=\"800\" data-id=\"92\" src=\"https:\/\/danish-biofiber.com\/wp-content\/uploads\/2023\/03\/ECO-BIO-urne-white-rose.jpg\" alt=\"ECO-BIO urne white-rose Danish Biofiber\" class=\"wp-image-92\" srcset=\"https:\/\/danish-biofiber.com\/wp-content\/uploads\/2023\/03\/ECO-BIO-urne-white-rose.jpg 800w, https:\/\/danish-biofiber.com\/wp-content\/uploads\/2023\/03\/ECO-BIO-urne-white-rose-300x300.jpg 300w, https:\/\/danish-biofiber.com\/wp-content\/uploads\/2023\/03\/ECO-BIO-urne-white-rose-150x150.jpg 150w, https:\/\/danish-biofiber.com\/wp-content\/uploads\/2023\/03\/ECO-BIO-urne-white-rose-768x768.jpg 768w\" sizes=\"auto, (max-width: 800px) 100vw, 800px\" \/><figcaption class=\"wp-element-caption\">ECO-BIO urne white-rose Danish Biofiber<\/figcaption><\/figure>\n\n\n\n<figure class=\"wp-block-image size-large\"><img loading=\"lazy\" decoding=\"async\" width=\"800\" height=\"800\" data-id=\"77\" src=\"https:\/\/danish-biofiber.com\/wp-content\/uploads\/2023\/03\/ECO-BIO-urne-blue-rose.jpg\" alt=\"ECO-BIO urne blue-rose Danish Biofiber\" class=\"wp-image-77\" srcset=\"https:\/\/danish-biofiber.com\/wp-content\/uploads\/2023\/03\/ECO-BIO-urne-blue-rose.jpg 800w, https:\/\/danish-biofiber.com\/wp-content\/uploads\/2023\/03\/ECO-BIO-urne-blue-rose-300x300.jpg 300w, https:\/\/danish-biofiber.com\/wp-content\/uploads\/2023\/03\/ECO-BIO-urne-blue-rose-150x150.jpg 150w, https:\/\/danish-biofiber.com\/wp-content\/uploads\/2023\/03\/ECO-BIO-urne-blue-rose-768x768.jpg 768w\" sizes=\"auto, (max-width: 800px) 100vw, 800px\" \/><figcaption class=\"wp-element-caption\">ECO-BIO urne blue-rose Danish Biofiber<\/figcaption><\/figure>\n\n\n\n<figure class=\"wp-block-image size-large\"><img loading=\"lazy\" decoding=\"async\" width=\"800\" height=\"800\" data-id=\"82\" src=\"https:\/\/danish-biofiber.com\/wp-content\/uploads\/2023\/03\/ECO-BIO-urne-green-rose.jpg\" alt=\"ECO-BIO urne green-rose Danish Biofiber\" class=\"wp-image-82\" srcset=\"https:\/\/danish-biofiber.com\/wp-content\/uploads\/2023\/03\/ECO-BIO-urne-green-rose.jpg 800w, https:\/\/danish-biofiber.com\/wp-content\/uploads\/2023\/03\/ECO-BIO-urne-green-rose-300x300.jpg 300w, https:\/\/danish-biofiber.com\/wp-content\/uploads\/2023\/03\/ECO-BIO-urne-green-rose-150x150.jpg 150w, https:\/\/danish-biofiber.com\/wp-content\/uploads\/2023\/03\/ECO-BIO-urne-green-rose-768x768.jpg 768w\" sizes=\"auto, (max-width: 800px) 100vw, 800px\" \/><figcaption class=\"wp-element-caption\">ECO-BIO urne green-rose Danish Biofiber<\/figcaption><\/figure>\n\n\n\n<figure class=\"wp-block-image size-large\"><img loading=\"lazy\" decoding=\"async\" width=\"800\" height=\"800\" data-id=\"87\" src=\"https:\/\/danish-biofiber.com\/wp-content\/uploads\/2023\/03\/ECO-BIO-urne-red-rose.jpg\" alt=\"ECO-BIO urne red-rose Danish Biofiber\" class=\"wp-image-87\" srcset=\"https:\/\/danish-biofiber.com\/wp-content\/uploads\/2023\/03\/ECO-BIO-urne-red-rose.jpg 800w, https:\/\/danish-biofiber.com\/wp-content\/uploads\/2023\/03\/ECO-BIO-urne-red-rose-300x300.jpg 300w, https:\/\/danish-biofiber.com\/wp-content\/uploads\/2023\/03\/ECO-BIO-urne-red-rose-150x150.jpg 150w, https:\/\/danish-biofiber.com\/wp-content\/uploads\/2023\/03\/ECO-BIO-urne-red-rose-768x768.jpg 768w\" sizes=\"auto, (max-width: 800px) 100vw, 800px\" \/><figcaption class=\"wp-element-caption\">ECO-BIO urne red-rose Danish Biofiber<\/figcaption><\/figure>\n<\/figure>\n\n\n\n<p>I dessa tider d\u00e5 milj\u00f6debatten runt om i v\u00e4rlden \u00e4r mer framtr\u00e4dande kommer denna urna att vara ett naturligt och milj\u00f6v\u00e4nligt val f\u00f6r begravningar, till skillnad fr\u00e5n de m\u00e5nga urnorna gjorda av icke-nedbrytbara material eller tillsatta kemikalier. Urnan tillverkas i Danmark och r\u00e5varan kommer fr\u00e5n Tyskland, ett aktivt val f\u00f6r att minska CO<sub>2<\/sub>-utsl\u00e4ppen s\u00e5 mycket som m\u00f6jligt genom att minimera transporterna.<\/p>\n\n\n\n<h2 class=\"wp-block-heading\">F\u00e4rg p\u00e5 urnorna<\/h2>\n\n\n\n<figure class=\"wp-block-gallery has-nested-images columns-4 is-cropped has-background wp-block-gallery-2 is-layout-flex wp-block-gallery-is-layout-flex\" style=\"background-color:#009846\">\n<figure class=\"wp-block-image size-large\"><img loading=\"lazy\" decoding=\"async\" width=\"800\" height=\"800\" data-id=\"93\" src=\"https:\/\/danish-biofiber.com\/wp-content\/uploads\/2023\/03\/ECO-BIO-urne-white-white.jpg\" alt=\"ECO-BIO urne white-white Danish Biofiber\" class=\"wp-image-93\" srcset=\"https:\/\/danish-biofiber.com\/wp-content\/uploads\/2023\/03\/ECO-BIO-urne-white-white.jpg 800w, https:\/\/danish-biofiber.com\/wp-content\/uploads\/2023\/03\/ECO-BIO-urne-white-white-300x300.jpg 300w, https:\/\/danish-biofiber.com\/wp-content\/uploads\/2023\/03\/ECO-BIO-urne-white-white-150x150.jpg 150w, https:\/\/danish-biofiber.com\/wp-content\/uploads\/2023\/03\/ECO-BIO-urne-white-white-768x768.jpg 768w\" sizes=\"auto, (max-width: 800px) 100vw, 800px\" \/><figcaption class=\"wp-element-caption\">ECO-BIO urne white-white Danish Biofiber<\/figcaption><\/figure>\n\n\n\n<figure class=\"wp-block-image size-large\"><img loading=\"lazy\" decoding=\"async\" width=\"800\" height=\"800\" data-id=\"89\" src=\"https:\/\/danish-biofiber.com\/wp-content\/uploads\/2023\/03\/ECO-BIO-urne-white-blue.jpg\" alt=\"ECO-BIO urne white-blue Danish Biofiber\" class=\"wp-image-89\" srcset=\"https:\/\/danish-biofiber.com\/wp-content\/uploads\/2023\/03\/ECO-BIO-urne-white-blue.jpg 800w, https:\/\/danish-biofiber.com\/wp-content\/uploads\/2023\/03\/ECO-BIO-urne-white-blue-300x300.jpg 300w, https:\/\/danish-biofiber.com\/wp-content\/uploads\/2023\/03\/ECO-BIO-urne-white-blue-150x150.jpg 150w, https:\/\/danish-biofiber.com\/wp-content\/uploads\/2023\/03\/ECO-BIO-urne-white-blue-768x768.jpg 768w\" sizes=\"auto, (max-width: 800px) 100vw, 800px\" \/><figcaption class=\"wp-element-caption\">ECO-BIO urne white-blue Danish Biofiber<\/figcaption><\/figure>\n\n\n\n<figure class=\"wp-block-image size-large\"><img loading=\"lazy\" decoding=\"async\" width=\"800\" height=\"800\" data-id=\"90\" src=\"https:\/\/danish-biofiber.com\/wp-content\/uploads\/2023\/03\/ECO-BIO-urne-white-green.jpg\" alt=\"ECO-BIO urne white-green Danish Biofiber\" class=\"wp-image-90\" srcset=\"https:\/\/danish-biofiber.com\/wp-content\/uploads\/2023\/03\/ECO-BIO-urne-white-green.jpg 800w, https:\/\/danish-biofiber.com\/wp-content\/uploads\/2023\/03\/ECO-BIO-urne-white-green-300x300.jpg 300w, https:\/\/danish-biofiber.com\/wp-content\/uploads\/2023\/03\/ECO-BIO-urne-white-green-150x150.jpg 150w, https:\/\/danish-biofiber.com\/wp-content\/uploads\/2023\/03\/ECO-BIO-urne-white-green-768x768.jpg 768w\" sizes=\"auto, (max-width: 800px) 100vw, 800px\" \/><figcaption class=\"wp-element-caption\">ECO-BIO urne white-green Danish Biofiber<\/figcaption><\/figure>\n\n\n\n<figure class=\"wp-block-image size-large\"><img loading=\"lazy\" decoding=\"async\" width=\"800\" height=\"800\" data-id=\"91\" src=\"https:\/\/danish-biofiber.com\/wp-content\/uploads\/2023\/03\/ECO-BIO-urne-white-red.jpg\" alt=\"ECO-BIO urne white-red Danish Biofiber\" class=\"wp-image-91\" srcset=\"https:\/\/danish-biofiber.com\/wp-content\/uploads\/2023\/03\/ECO-BIO-urne-white-red.jpg 800w, https:\/\/danish-biofiber.com\/wp-content\/uploads\/2023\/03\/ECO-BIO-urne-white-red-300x300.jpg 300w, https:\/\/danish-biofiber.com\/wp-content\/uploads\/2023\/03\/ECO-BIO-urne-white-red-150x150.jpg 150w, https:\/\/danish-biofiber.com\/wp-content\/uploads\/2023\/03\/ECO-BIO-urne-white-red-768x768.jpg 768w\" sizes=\"auto, (max-width: 800px) 100vw, 800px\" \/><figcaption class=\"wp-element-caption\">ECO-BIO urne white-red Danish Biofiber<\/figcaption><\/figure>\n\n\n\n<figure class=\"wp-block-image size-large\"><img loading=\"lazy\" decoding=\"async\" width=\"800\" height=\"800\" data-id=\"74\" src=\"https:\/\/danish-biofiber.com\/wp-content\/uploads\/2023\/03\/ECO-BIO-urne-blue-blue.jpg\" alt=\"ECO-BIO urne blue-blue Danish Biofiber\" class=\"wp-image-74\" srcset=\"https:\/\/danish-biofiber.com\/wp-content\/uploads\/2023\/03\/ECO-BIO-urne-blue-blue.jpg 800w, https:\/\/danish-biofiber.com\/wp-content\/uploads\/2023\/03\/ECO-BIO-urne-blue-blue-300x300.jpg 300w, https:\/\/danish-biofiber.com\/wp-content\/uploads\/2023\/03\/ECO-BIO-urne-blue-blue-150x150.jpg 150w, https:\/\/danish-biofiber.com\/wp-content\/uploads\/2023\/03\/ECO-BIO-urne-blue-blue-768x768.jpg 768w\" sizes=\"auto, (max-width: 800px) 100vw, 800px\" \/><figcaption class=\"wp-element-caption\">ECO-BIO urne blue-blue Danish Biofiber<\/figcaption><\/figure>\n\n\n\n<figure class=\"wp-block-image size-large\"><img loading=\"lazy\" decoding=\"async\" width=\"800\" height=\"800\" data-id=\"78\" src=\"https:\/\/danish-biofiber.com\/wp-content\/uploads\/2023\/03\/ECO-BIO-urne-blue-white.jpg\" alt=\"ECO-BIO urne blue-white Danish Biofiber\" class=\"wp-image-78\" srcset=\"https:\/\/danish-biofiber.com\/wp-content\/uploads\/2023\/03\/ECO-BIO-urne-blue-white.jpg 800w, https:\/\/danish-biofiber.com\/wp-content\/uploads\/2023\/03\/ECO-BIO-urne-blue-white-300x300.jpg 300w, https:\/\/danish-biofiber.com\/wp-content\/uploads\/2023\/03\/ECO-BIO-urne-blue-white-150x150.jpg 150w, https:\/\/danish-biofiber.com\/wp-content\/uploads\/2023\/03\/ECO-BIO-urne-blue-white-768x768.jpg 768w\" sizes=\"auto, (max-width: 800px) 100vw, 800px\" \/><figcaption class=\"wp-element-caption\">ECO-BIO urne blue-white Danish Biofiber<\/figcaption><\/figure>\n\n\n\n<figure class=\"wp-block-image size-large\"><img loading=\"lazy\" decoding=\"async\" width=\"800\" height=\"800\" data-id=\"75\" src=\"https:\/\/danish-biofiber.com\/wp-content\/uploads\/2023\/03\/ECO-BIO-urne-blue-green.jpg\" alt=\"ECO-BIO urne blue-green Danish Biofiber\" class=\"wp-image-75\" srcset=\"https:\/\/danish-biofiber.com\/wp-content\/uploads\/2023\/03\/ECO-BIO-urne-blue-green.jpg 800w, https:\/\/danish-biofiber.com\/wp-content\/uploads\/2023\/03\/ECO-BIO-urne-blue-green-300x300.jpg 300w, https:\/\/danish-biofiber.com\/wp-content\/uploads\/2023\/03\/ECO-BIO-urne-blue-green-150x150.jpg 150w, https:\/\/danish-biofiber.com\/wp-content\/uploads\/2023\/03\/ECO-BIO-urne-blue-green-768x768.jpg 768w\" sizes=\"auto, (max-width: 800px) 100vw, 800px\" \/><figcaption class=\"wp-element-caption\">ECO-BIO urne blue-green Danish Biofiber<\/figcaption><\/figure>\n\n\n\n<figure class=\"wp-block-image size-large\"><img loading=\"lazy\" decoding=\"async\" width=\"800\" height=\"800\" data-id=\"76\" src=\"https:\/\/danish-biofiber.com\/wp-content\/uploads\/2023\/03\/ECO-BIO-urne-blue-red.jpg\" alt=\"ECO-BIO urne blue-red Danish Biofiber\" class=\"wp-image-76\" srcset=\"https:\/\/danish-biofiber.com\/wp-content\/uploads\/2023\/03\/ECO-BIO-urne-blue-red.jpg 800w, https:\/\/danish-biofiber.com\/wp-content\/uploads\/2023\/03\/ECO-BIO-urne-blue-red-300x300.jpg 300w, https:\/\/danish-biofiber.com\/wp-content\/uploads\/2023\/03\/ECO-BIO-urne-blue-red-150x150.jpg 150w, https:\/\/danish-biofiber.com\/wp-content\/uploads\/2023\/03\/ECO-BIO-urne-blue-red-768x768.jpg 768w\" sizes=\"auto, (max-width: 800px) 100vw, 800px\" \/><figcaption class=\"wp-element-caption\">ECO-BIO urne blue-red Danish Biofiber<\/figcaption><\/figure>\n\n\n\n<figure class=\"wp-block-image size-large\"><img loading=\"lazy\" decoding=\"async\" width=\"800\" height=\"800\" data-id=\"94\" src=\"https:\/\/danish-biofiber.com\/wp-content\/uploads\/2023\/03\/ECO-BIO-urne-green-green.jpg\" alt=\"ECO-BIO urne green-green Danish Biofiber\" class=\"wp-image-94\" srcset=\"https:\/\/danish-biofiber.com\/wp-content\/uploads\/2023\/03\/ECO-BIO-urne-green-green.jpg 800w, https:\/\/danish-biofiber.com\/wp-content\/uploads\/2023\/03\/ECO-BIO-urne-green-green-300x300.jpg 300w, https:\/\/danish-biofiber.com\/wp-content\/uploads\/2023\/03\/ECO-BIO-urne-green-green-150x150.jpg 150w, https:\/\/danish-biofiber.com\/wp-content\/uploads\/2023\/03\/ECO-BIO-urne-green-green-768x768.jpg 768w\" sizes=\"auto, (max-width: 800px) 100vw, 800px\" \/><figcaption class=\"wp-element-caption\">ECO-BIO urne green-green Danish Biofiber<\/figcaption><\/figure>\n\n\n\n<figure class=\"wp-block-image size-large\"><img loading=\"lazy\" decoding=\"async\" width=\"800\" height=\"800\" data-id=\"83\" src=\"https:\/\/danish-biofiber.com\/wp-content\/uploads\/2023\/03\/ECO-BIO-urne-green-white.jpg\" alt=\"ECO-BIO urne green-white Danish Biofiber\" class=\"wp-image-83\" srcset=\"https:\/\/danish-biofiber.com\/wp-content\/uploads\/2023\/03\/ECO-BIO-urne-green-white.jpg 800w, https:\/\/danish-biofiber.com\/wp-content\/uploads\/2023\/03\/ECO-BIO-urne-green-white-300x300.jpg 300w, https:\/\/danish-biofiber.com\/wp-content\/uploads\/2023\/03\/ECO-BIO-urne-green-white-150x150.jpg 150w, https:\/\/danish-biofiber.com\/wp-content\/uploads\/2023\/03\/ECO-BIO-urne-green-white-768x768.jpg 768w\" sizes=\"auto, (max-width: 800px) 100vw, 800px\" \/><figcaption class=\"wp-element-caption\">ECO-BIO urne green-white Danish Biofiber<\/figcaption><\/figure>\n\n\n\n<figure class=\"wp-block-image size-large\"><img loading=\"lazy\" decoding=\"async\" width=\"800\" height=\"800\" data-id=\"79\" src=\"https:\/\/danish-biofiber.com\/wp-content\/uploads\/2023\/03\/ECO-BIO-urne-green-blue.jpg\" alt=\"ECO-BIO urne green-blue Danish Biofiber\" class=\"wp-image-79\" srcset=\"https:\/\/danish-biofiber.com\/wp-content\/uploads\/2023\/03\/ECO-BIO-urne-green-blue.jpg 800w, https:\/\/danish-biofiber.com\/wp-content\/uploads\/2023\/03\/ECO-BIO-urne-green-blue-300x300.jpg 300w, https:\/\/danish-biofiber.com\/wp-content\/uploads\/2023\/03\/ECO-BIO-urne-green-blue-150x150.jpg 150w, https:\/\/danish-biofiber.com\/wp-content\/uploads\/2023\/03\/ECO-BIO-urne-green-blue-768x768.jpg 768w\" sizes=\"auto, (max-width: 800px) 100vw, 800px\" \/><figcaption class=\"wp-element-caption\">ECO-BIO urne green-blue Danish Biofiber<\/figcaption><\/figure>\n\n\n\n<figure class=\"wp-block-image size-large\"><img loading=\"lazy\" decoding=\"async\" width=\"800\" height=\"800\" data-id=\"81\" src=\"https:\/\/danish-biofiber.com\/wp-content\/uploads\/2023\/03\/ECO-BIO-urne-green-red.jpg\" alt=\"ECO-BIO urne green-red Danish Biofiber\" class=\"wp-image-81\" srcset=\"https:\/\/danish-biofiber.com\/wp-content\/uploads\/2023\/03\/ECO-BIO-urne-green-red.jpg 800w, https:\/\/danish-biofiber.com\/wp-content\/uploads\/2023\/03\/ECO-BIO-urne-green-red-300x300.jpg 300w, https:\/\/danish-biofiber.com\/wp-content\/uploads\/2023\/03\/ECO-BIO-urne-green-red-150x150.jpg 150w, https:\/\/danish-biofiber.com\/wp-content\/uploads\/2023\/03\/ECO-BIO-urne-green-red-768x768.jpg 768w\" sizes=\"auto, (max-width: 800px) 100vw, 800px\" \/><figcaption class=\"wp-element-caption\">ECO-BIO urne green-red Danish Biofiber<\/figcaption><\/figure>\n\n\n\n<figure class=\"wp-block-image size-large\"><img loading=\"lazy\" decoding=\"async\" width=\"800\" height=\"800\" data-id=\"86\" src=\"https:\/\/danish-biofiber.com\/wp-content\/uploads\/2023\/03\/ECO-BIO-urne-red-red.jpg\" alt=\"ECO-BIO urne red-red Danish Biofiber\" class=\"wp-image-86\" srcset=\"https:\/\/danish-biofiber.com\/wp-content\/uploads\/2023\/03\/ECO-BIO-urne-red-red.jpg 800w, https:\/\/danish-biofiber.com\/wp-content\/uploads\/2023\/03\/ECO-BIO-urne-red-red-300x300.jpg 300w, https:\/\/danish-biofiber.com\/wp-content\/uploads\/2023\/03\/ECO-BIO-urne-red-red-150x150.jpg 150w, https:\/\/danish-biofiber.com\/wp-content\/uploads\/2023\/03\/ECO-BIO-urne-red-red-768x768.jpg 768w\" sizes=\"auto, (max-width: 800px) 100vw, 800px\" \/><figcaption class=\"wp-element-caption\">ECO-BIO urne red-red Danish Biofiber<\/figcaption><\/figure>\n\n\n\n<figure class=\"wp-block-image size-large\"><img loading=\"lazy\" decoding=\"async\" width=\"800\" height=\"800\" data-id=\"88\" src=\"https:\/\/danish-biofiber.com\/wp-content\/uploads\/2023\/03\/ECO-BIO-urne-red-white.jpg\" alt=\"ECO-BIO urne red-white Danish Biofiber\" class=\"wp-image-88\" srcset=\"https:\/\/danish-biofiber.com\/wp-content\/uploads\/2023\/03\/ECO-BIO-urne-red-white.jpg 800w, https:\/\/danish-biofiber.com\/wp-content\/uploads\/2023\/03\/ECO-BIO-urne-red-white-300x300.jpg 300w, https:\/\/danish-biofiber.com\/wp-content\/uploads\/2023\/03\/ECO-BIO-urne-red-white-150x150.jpg 150w, https:\/\/danish-biofiber.com\/wp-content\/uploads\/2023\/03\/ECO-BIO-urne-red-white-768x768.jpg 768w\" sizes=\"auto, (max-width: 800px) 100vw, 800px\" \/><figcaption class=\"wp-element-caption\">ECO-BIO urne red-white Danish Biofiber<\/figcaption><\/figure>\n\n\n\n<figure class=\"wp-block-image size-large\"><img loading=\"lazy\" decoding=\"async\" width=\"800\" height=\"800\" data-id=\"84\" src=\"https:\/\/danish-biofiber.com\/wp-content\/uploads\/2023\/03\/ECO-BIO-urne-red-blue.jpg\" alt=\"ECO-BIO urne red-blue Danish Biofiber\" class=\"wp-image-84\" srcset=\"https:\/\/danish-biofiber.com\/wp-content\/uploads\/2023\/03\/ECO-BIO-urne-red-blue.jpg 800w, https:\/\/danish-biofiber.com\/wp-content\/uploads\/2023\/03\/ECO-BIO-urne-red-blue-300x300.jpg 300w, https:\/\/danish-biofiber.com\/wp-content\/uploads\/2023\/03\/ECO-BIO-urne-red-blue-150x150.jpg 150w, https:\/\/danish-biofiber.com\/wp-content\/uploads\/2023\/03\/ECO-BIO-urne-red-blue-768x768.jpg 768w\" sizes=\"auto, (max-width: 800px) 100vw, 800px\" \/><figcaption class=\"wp-element-caption\">ECO-BIO urne red-blue Danish Biofiber<\/figcaption><\/figure>\n\n\n\n<figure class=\"wp-block-image size-large\"><img loading=\"lazy\" decoding=\"async\" width=\"800\" height=\"800\" data-id=\"85\" src=\"https:\/\/danish-biofiber.com\/wp-content\/uploads\/2023\/03\/ECO-BIO-urne-red-green.jpg\" alt=\"ECO-BIO urne red-green Danish Biofiber\" class=\"wp-image-85\" srcset=\"https:\/\/danish-biofiber.com\/wp-content\/uploads\/2023\/03\/ECO-BIO-urne-red-green.jpg 800w, https:\/\/danish-biofiber.com\/wp-content\/uploads\/2023\/03\/ECO-BIO-urne-red-green-300x300.jpg 300w, https:\/\/danish-biofiber.com\/wp-content\/uploads\/2023\/03\/ECO-BIO-urne-red-green-150x150.jpg 150w, https:\/\/danish-biofiber.com\/wp-content\/uploads\/2023\/03\/ECO-BIO-urne-red-green-768x768.jpg 768w\" sizes=\"auto, (max-width: 800px) 100vw, 800px\" \/><figcaption class=\"wp-element-caption\">ECO-BIO urne red-green Danish Biofiber<\/figcaption><\/figure>\n<\/figure>\n\n\n\n<figure class=\"wp-block-pullquote has-white-color has-text-color has-background\" style=\"border-radius:100px;background-color:#009846\"><blockquote><p><strong><em>Vi har ett lager med urnor som inte \u00e4r i v\u00e5ra standardf\u00e4rger som vi s\u00e4ljer till ett f\u00f6rm\u00e5nligt pris. Om detta \u00e4r av intresse kan vi kontaktas f\u00f6r mer information.<\/em><\/strong><\/p><\/blockquote><\/figure>\n","protected":false},"excerpt":{"rendered":"<p>Denna danskutvecklade milj\u00f6urna \u00e4r gjord av v\u00e4xtfiber och s\u00f6nderfaller utan problem i naturen &#8211; hastigheten<\/p>\n","protected":false},"author":1,"featured_media":0,"parent":0,"menu_order":0,"comment_status":"closed","ping_status":"closed","template":"","meta":{"footnotes":""},"class_list":["post-115","page","type-page","status-publish","hentry"],"aioseo_notices":[],"_links":{"self":[{"href":"https:\/\/danish-biofiber.com\/index.php\/wp-json\/wp\/v2\/pages\/115","targetHints":{"allow":["GET"]}}],"collection":[{"href":"https:\/\/danish-biofiber.com\/index.php\/wp-json\/wp\/v2\/pages"}],"about":[{"href":"https:\/\/danish-biofiber.com\/index.php\/wp-json\/wp\/v2\/types\/page"}],"author":[{"embeddable":true,"href":"https:\/\/danish-biofiber.com\/index.php\/wp-json\/wp\/v2\/users\/1"}],"replies":[{"embeddable":true,"href":"https:\/\/danish-biofiber.com\/index.php\/wp-json\/wp\/v2\/comments?post=115"}],"version-history":[{"count":6,"href":"https:\/\/danish-biofiber.com\/index.php\/wp-json\/wp\/v2\/pages\/115\/revisions"}],"predecessor-version":[{"id":158,"href":"https:\/\/danish-biofiber.com\/index.php\/wp-json\/wp\/v2\/pages\/115\/revisions\/158"}],"wp:attachment":[{"href":"https:\/\/danish-biofiber.com\/index.php\/wp-json\/wp\/v2\/media?parent=115"}],"curies":[{"name":"wp","href":"https:\/\/api.w.org\/{rel}","templated":true}]}}