{"id":109,"date":"2023-03-02T10:30:34","date_gmt":"2023-03-02T10:30:34","guid":{"rendered":"https:\/\/danish-biofiber.com\/?page_id=109"},"modified":"2023-03-08T12:45:57","modified_gmt":"2023-03-08T12:45:57","slug":"deutsch","status":"publish","type":"page","link":"https:\/\/danish-biofiber.com\/index.php\/deutsch\/","title":{"rendered":"Deutsch"},"content":{"rendered":"\n<p>Diese in D\u00e4nemark entwickelte Umwelturne besteht aus Pflanzenfasern und zersetzt sich problemlos in der Natur \u2013 die Geschwindigkeit der Zersetzungsphase ist nat\u00fcrlich abh\u00e4ngig von Feuchtigkeit, Temperatur und dem S\u00e4uregehalt des Bodens, aber wir haben uns entschieden, keine chemischen Beschleuniger hinzuzuf\u00fcgen, um dies zu f\u00f6rdern die Zersetzung unnat\u00fcrlich.<\/p>\n\n\n\n<blockquote class=\"wp-block-quote is-layout-flow wp-block-quote-is-layout-flow\">\n<p>Naturfreundliche Urne in elegantem Design mit der M\u00f6glichkeit, zum Beispiel Blumen direkt an der Urne zu befestigen.<\/p>\n<\/blockquote>\n\n\n\n<h2 class=\"wp-block-heading\">F\u00fcgen Sie eine pers\u00f6nliche Note hinzu<\/h2>\n\n\n\n<figure class=\"wp-block-gallery has-nested-images columns-4 is-cropped has-background wp-block-gallery-1 is-layout-flex wp-block-gallery-is-layout-flex\" style=\"background-color:#009846\">\n<figure class=\"wp-block-image size-large\"><img loading=\"lazy\" decoding=\"async\" width=\"800\" height=\"800\" data-id=\"92\" src=\"https:\/\/danish-biofiber.com\/wp-content\/uploads\/2023\/03\/ECO-BIO-urne-white-rose.jpg\" alt=\"ECO-BIO urne white-rose Danish Biofiber\" class=\"wp-image-92\" srcset=\"https:\/\/danish-biofiber.com\/wp-content\/uploads\/2023\/03\/ECO-BIO-urne-white-rose.jpg 800w, https:\/\/danish-biofiber.com\/wp-content\/uploads\/2023\/03\/ECO-BIO-urne-white-rose-300x300.jpg 300w, https:\/\/danish-biofiber.com\/wp-content\/uploads\/2023\/03\/ECO-BIO-urne-white-rose-150x150.jpg 150w, https:\/\/danish-biofiber.com\/wp-content\/uploads\/2023\/03\/ECO-BIO-urne-white-rose-768x768.jpg 768w\" sizes=\"auto, (max-width: 800px) 100vw, 800px\" \/><figcaption class=\"wp-element-caption\">ECO-BIO urne white-rose Danish Biofiber<\/figcaption><\/figure>\n\n\n\n<figure class=\"wp-block-image size-large\"><img loading=\"lazy\" decoding=\"async\" width=\"800\" height=\"800\" data-id=\"77\" src=\"https:\/\/danish-biofiber.com\/wp-content\/uploads\/2023\/03\/ECO-BIO-urne-blue-rose.jpg\" alt=\"ECO-BIO urne blue-rose Danish Biofiber\" class=\"wp-image-77\" srcset=\"https:\/\/danish-biofiber.com\/wp-content\/uploads\/2023\/03\/ECO-BIO-urne-blue-rose.jpg 800w, https:\/\/danish-biofiber.com\/wp-content\/uploads\/2023\/03\/ECO-BIO-urne-blue-rose-300x300.jpg 300w, https:\/\/danish-biofiber.com\/wp-content\/uploads\/2023\/03\/ECO-BIO-urne-blue-rose-150x150.jpg 150w, https:\/\/danish-biofiber.com\/wp-content\/uploads\/2023\/03\/ECO-BIO-urne-blue-rose-768x768.jpg 768w\" sizes=\"auto, (max-width: 800px) 100vw, 800px\" \/><figcaption class=\"wp-element-caption\">ECO-BIO urne blue-rose Danish Biofiber<\/figcaption><\/figure>\n\n\n\n<figure class=\"wp-block-image size-large\"><img loading=\"lazy\" decoding=\"async\" width=\"800\" height=\"800\" data-id=\"82\" src=\"https:\/\/danish-biofiber.com\/wp-content\/uploads\/2023\/03\/ECO-BIO-urne-green-rose.jpg\" alt=\"ECO-BIO urne green-rose Danish Biofiber\" class=\"wp-image-82\" srcset=\"https:\/\/danish-biofiber.com\/wp-content\/uploads\/2023\/03\/ECO-BIO-urne-green-rose.jpg 800w, https:\/\/danish-biofiber.com\/wp-content\/uploads\/2023\/03\/ECO-BIO-urne-green-rose-300x300.jpg 300w, https:\/\/danish-biofiber.com\/wp-content\/uploads\/2023\/03\/ECO-BIO-urne-green-rose-150x150.jpg 150w, https:\/\/danish-biofiber.com\/wp-content\/uploads\/2023\/03\/ECO-BIO-urne-green-rose-768x768.jpg 768w\" sizes=\"auto, (max-width: 800px) 100vw, 800px\" \/><figcaption class=\"wp-element-caption\">ECO-BIO urne green-rose Danish Biofiber<\/figcaption><\/figure>\n\n\n\n<figure class=\"wp-block-image size-large\"><img loading=\"lazy\" decoding=\"async\" width=\"800\" height=\"800\" data-id=\"87\" src=\"https:\/\/danish-biofiber.com\/wp-content\/uploads\/2023\/03\/ECO-BIO-urne-red-rose.jpg\" alt=\"ECO-BIO urne red-rose Danish Biofiber\" class=\"wp-image-87\" srcset=\"https:\/\/danish-biofiber.com\/wp-content\/uploads\/2023\/03\/ECO-BIO-urne-red-rose.jpg 800w, https:\/\/danish-biofiber.com\/wp-content\/uploads\/2023\/03\/ECO-BIO-urne-red-rose-300x300.jpg 300w, https:\/\/danish-biofiber.com\/wp-content\/uploads\/2023\/03\/ECO-BIO-urne-red-rose-150x150.jpg 150w, https:\/\/danish-biofiber.com\/wp-content\/uploads\/2023\/03\/ECO-BIO-urne-red-rose-768x768.jpg 768w\" sizes=\"auto, (max-width: 800px) 100vw, 800px\" \/><figcaption class=\"wp-element-caption\">ECO-BIO urne red-rose Danish Biofiber<\/figcaption><\/figure>\n<\/figure>\n\n\n\n<p>In diesen Zeiten, in denen die Umweltdiskussion weltweit an Bedeutung gewinnt, wird diese Urne eine nat\u00fcrliche und umweltfreundliche Wahl f\u00fcr Bestattungen sein, im Gegensatz zu vielen Urnen aus nicht abbaubaren Materialien oder zugesetzten Chemikalien. Die Urne wird in D\u00e4nemark hergestellt und das Rohmaterial stammt aus Deutschland, eine aktive Entscheidung, um die CO<sub>2<\/sub>-Emissionen durch Minimierung des Transports so weit wie m\u00f6glich zu reduzieren.<\/p>\n\n\n\n<h2 class=\"wp-block-heading\">Farbe der Urnen<\/h2>\n\n\n\n<figure class=\"wp-block-gallery has-nested-images columns-4 is-cropped has-background wp-block-gallery-2 is-layout-flex wp-block-gallery-is-layout-flex\" style=\"background-color:#009846\">\n<figure class=\"wp-block-image size-large\"><img loading=\"lazy\" decoding=\"async\" width=\"800\" height=\"800\" data-id=\"93\" src=\"https:\/\/danish-biofiber.com\/wp-content\/uploads\/2023\/03\/ECO-BIO-urne-white-white.jpg\" alt=\"ECO-BIO urne white-white Danish Biofiber\" class=\"wp-image-93\" srcset=\"https:\/\/danish-biofiber.com\/wp-content\/uploads\/2023\/03\/ECO-BIO-urne-white-white.jpg 800w, https:\/\/danish-biofiber.com\/wp-content\/uploads\/2023\/03\/ECO-BIO-urne-white-white-300x300.jpg 300w, https:\/\/danish-biofiber.com\/wp-content\/uploads\/2023\/03\/ECO-BIO-urne-white-white-150x150.jpg 150w, https:\/\/danish-biofiber.com\/wp-content\/uploads\/2023\/03\/ECO-BIO-urne-white-white-768x768.jpg 768w\" sizes=\"auto, (max-width: 800px) 100vw, 800px\" \/><figcaption class=\"wp-element-caption\">ECO-BIO urne white-white Danish Biofiber<\/figcaption><\/figure>\n\n\n\n<figure class=\"wp-block-image size-large\"><img loading=\"lazy\" decoding=\"async\" width=\"800\" height=\"800\" data-id=\"89\" src=\"https:\/\/danish-biofiber.com\/wp-content\/uploads\/2023\/03\/ECO-BIO-urne-white-blue.jpg\" alt=\"ECO-BIO urne white-blue Danish Biofiber\" class=\"wp-image-89\" srcset=\"https:\/\/danish-biofiber.com\/wp-content\/uploads\/2023\/03\/ECO-BIO-urne-white-blue.jpg 800w, https:\/\/danish-biofiber.com\/wp-content\/uploads\/2023\/03\/ECO-BIO-urne-white-blue-300x300.jpg 300w, https:\/\/danish-biofiber.com\/wp-content\/uploads\/2023\/03\/ECO-BIO-urne-white-blue-150x150.jpg 150w, https:\/\/danish-biofiber.com\/wp-content\/uploads\/2023\/03\/ECO-BIO-urne-white-blue-768x768.jpg 768w\" sizes=\"auto, (max-width: 800px) 100vw, 800px\" \/><figcaption class=\"wp-element-caption\">ECO-BIO urne white-blue Danish Biofiber<\/figcaption><\/figure>\n\n\n\n<figure class=\"wp-block-image size-large\"><img loading=\"lazy\" decoding=\"async\" width=\"800\" height=\"800\" data-id=\"90\" src=\"https:\/\/danish-biofiber.com\/wp-content\/uploads\/2023\/03\/ECO-BIO-urne-white-green.jpg\" alt=\"ECO-BIO urne white-green Danish Biofiber\" class=\"wp-image-90\" srcset=\"https:\/\/danish-biofiber.com\/wp-content\/uploads\/2023\/03\/ECO-BIO-urne-white-green.jpg 800w, https:\/\/danish-biofiber.com\/wp-content\/uploads\/2023\/03\/ECO-BIO-urne-white-green-300x300.jpg 300w, https:\/\/danish-biofiber.com\/wp-content\/uploads\/2023\/03\/ECO-BIO-urne-white-green-150x150.jpg 150w, https:\/\/danish-biofiber.com\/wp-content\/uploads\/2023\/03\/ECO-BIO-urne-white-green-768x768.jpg 768w\" sizes=\"auto, (max-width: 800px) 100vw, 800px\" \/><figcaption class=\"wp-element-caption\">ECO-BIO urne white-green Danish Biofiber<\/figcaption><\/figure>\n\n\n\n<figure class=\"wp-block-image size-large\"><img loading=\"lazy\" decoding=\"async\" width=\"800\" height=\"800\" data-id=\"91\" src=\"https:\/\/danish-biofiber.com\/wp-content\/uploads\/2023\/03\/ECO-BIO-urne-white-red.jpg\" alt=\"ECO-BIO urne white-red Danish Biofiber\" class=\"wp-image-91\" srcset=\"https:\/\/danish-biofiber.com\/wp-content\/uploads\/2023\/03\/ECO-BIO-urne-white-red.jpg 800w, https:\/\/danish-biofiber.com\/wp-content\/uploads\/2023\/03\/ECO-BIO-urne-white-red-300x300.jpg 300w, https:\/\/danish-biofiber.com\/wp-content\/uploads\/2023\/03\/ECO-BIO-urne-white-red-150x150.jpg 150w, https:\/\/danish-biofiber.com\/wp-content\/uploads\/2023\/03\/ECO-BIO-urne-white-red-768x768.jpg 768w\" sizes=\"auto, (max-width: 800px) 100vw, 800px\" \/><figcaption class=\"wp-element-caption\">ECO-BIO urne white-red Danish Biofiber<\/figcaption><\/figure>\n\n\n\n<figure class=\"wp-block-image size-large\"><img loading=\"lazy\" decoding=\"async\" width=\"800\" height=\"800\" data-id=\"74\" src=\"https:\/\/danish-biofiber.com\/wp-content\/uploads\/2023\/03\/ECO-BIO-urne-blue-blue.jpg\" alt=\"ECO-BIO urne blue-blue Danish Biofiber\" class=\"wp-image-74\" srcset=\"https:\/\/danish-biofiber.com\/wp-content\/uploads\/2023\/03\/ECO-BIO-urne-blue-blue.jpg 800w, https:\/\/danish-biofiber.com\/wp-content\/uploads\/2023\/03\/ECO-BIO-urne-blue-blue-300x300.jpg 300w, https:\/\/danish-biofiber.com\/wp-content\/uploads\/2023\/03\/ECO-BIO-urne-blue-blue-150x150.jpg 150w, https:\/\/danish-biofiber.com\/wp-content\/uploads\/2023\/03\/ECO-BIO-urne-blue-blue-768x768.jpg 768w\" sizes=\"auto, (max-width: 800px) 100vw, 800px\" \/><figcaption class=\"wp-element-caption\">ECO-BIO urne blue-blue Danish Biofiber<\/figcaption><\/figure>\n\n\n\n<figure class=\"wp-block-image size-large\"><img loading=\"lazy\" decoding=\"async\" width=\"800\" height=\"800\" data-id=\"78\" src=\"https:\/\/danish-biofiber.com\/wp-content\/uploads\/2023\/03\/ECO-BIO-urne-blue-white.jpg\" alt=\"ECO-BIO urne blue-white Danish Biofiber\" class=\"wp-image-78\" srcset=\"https:\/\/danish-biofiber.com\/wp-content\/uploads\/2023\/03\/ECO-BIO-urne-blue-white.jpg 800w, https:\/\/danish-biofiber.com\/wp-content\/uploads\/2023\/03\/ECO-BIO-urne-blue-white-300x300.jpg 300w, https:\/\/danish-biofiber.com\/wp-content\/uploads\/2023\/03\/ECO-BIO-urne-blue-white-150x150.jpg 150w, https:\/\/danish-biofiber.com\/wp-content\/uploads\/2023\/03\/ECO-BIO-urne-blue-white-768x768.jpg 768w\" sizes=\"auto, (max-width: 800px) 100vw, 800px\" \/><figcaption class=\"wp-element-caption\">ECO-BIO urne blue-white Danish Biofiber<\/figcaption><\/figure>\n\n\n\n<figure class=\"wp-block-image size-large\"><img loading=\"lazy\" decoding=\"async\" width=\"800\" height=\"800\" data-id=\"75\" src=\"https:\/\/danish-biofiber.com\/wp-content\/uploads\/2023\/03\/ECO-BIO-urne-blue-green.jpg\" alt=\"ECO-BIO urne blue-green Danish Biofiber\" class=\"wp-image-75\" srcset=\"https:\/\/danish-biofiber.com\/wp-content\/uploads\/2023\/03\/ECO-BIO-urne-blue-green.jpg 800w, https:\/\/danish-biofiber.com\/wp-content\/uploads\/2023\/03\/ECO-BIO-urne-blue-green-300x300.jpg 300w, https:\/\/danish-biofiber.com\/wp-content\/uploads\/2023\/03\/ECO-BIO-urne-blue-green-150x150.jpg 150w, https:\/\/danish-biofiber.com\/wp-content\/uploads\/2023\/03\/ECO-BIO-urne-blue-green-768x768.jpg 768w\" sizes=\"auto, (max-width: 800px) 100vw, 800px\" \/><figcaption class=\"wp-element-caption\">ECO-BIO urne blue-green Danish Biofiber<\/figcaption><\/figure>\n\n\n\n<figure class=\"wp-block-image size-large\"><img loading=\"lazy\" decoding=\"async\" width=\"800\" height=\"800\" data-id=\"76\" src=\"https:\/\/danish-biofiber.com\/wp-content\/uploads\/2023\/03\/ECO-BIO-urne-blue-red.jpg\" alt=\"ECO-BIO urne blue-red Danish Biofiber\" class=\"wp-image-76\" srcset=\"https:\/\/danish-biofiber.com\/wp-content\/uploads\/2023\/03\/ECO-BIO-urne-blue-red.jpg 800w, https:\/\/danish-biofiber.com\/wp-content\/uploads\/2023\/03\/ECO-BIO-urne-blue-red-300x300.jpg 300w, https:\/\/danish-biofiber.com\/wp-content\/uploads\/2023\/03\/ECO-BIO-urne-blue-red-150x150.jpg 150w, https:\/\/danish-biofiber.com\/wp-content\/uploads\/2023\/03\/ECO-BIO-urne-blue-red-768x768.jpg 768w\" sizes=\"auto, (max-width: 800px) 100vw, 800px\" \/><figcaption class=\"wp-element-caption\">ECO-BIO urne blue-red Danish Biofiber<\/figcaption><\/figure>\n\n\n\n<figure class=\"wp-block-image size-large\"><img loading=\"lazy\" decoding=\"async\" width=\"800\" height=\"800\" data-id=\"94\" src=\"https:\/\/danish-biofiber.com\/wp-content\/uploads\/2023\/03\/ECO-BIO-urne-green-green.jpg\" alt=\"ECO-BIO urne green-green Danish Biofiber\" class=\"wp-image-94\" srcset=\"https:\/\/danish-biofiber.com\/wp-content\/uploads\/2023\/03\/ECO-BIO-urne-green-green.jpg 800w, https:\/\/danish-biofiber.com\/wp-content\/uploads\/2023\/03\/ECO-BIO-urne-green-green-300x300.jpg 300w, https:\/\/danish-biofiber.com\/wp-content\/uploads\/2023\/03\/ECO-BIO-urne-green-green-150x150.jpg 150w, https:\/\/danish-biofiber.com\/wp-content\/uploads\/2023\/03\/ECO-BIO-urne-green-green-768x768.jpg 768w\" sizes=\"auto, (max-width: 800px) 100vw, 800px\" \/><figcaption class=\"wp-element-caption\">ECO-BIO urne green-green Danish Biofiber<\/figcaption><\/figure>\n\n\n\n<figure class=\"wp-block-image size-large\"><img loading=\"lazy\" decoding=\"async\" width=\"800\" height=\"800\" data-id=\"83\" src=\"https:\/\/danish-biofiber.com\/wp-content\/uploads\/2023\/03\/ECO-BIO-urne-green-white.jpg\" alt=\"ECO-BIO urne green-white Danish Biofiber\" class=\"wp-image-83\" srcset=\"https:\/\/danish-biofiber.com\/wp-content\/uploads\/2023\/03\/ECO-BIO-urne-green-white.jpg 800w, https:\/\/danish-biofiber.com\/wp-content\/uploads\/2023\/03\/ECO-BIO-urne-green-white-300x300.jpg 300w, https:\/\/danish-biofiber.com\/wp-content\/uploads\/2023\/03\/ECO-BIO-urne-green-white-150x150.jpg 150w, https:\/\/danish-biofiber.com\/wp-content\/uploads\/2023\/03\/ECO-BIO-urne-green-white-768x768.jpg 768w\" sizes=\"auto, (max-width: 800px) 100vw, 800px\" \/><figcaption class=\"wp-element-caption\">ECO-BIO urne green-white Danish Biofiber<\/figcaption><\/figure>\n\n\n\n<figure class=\"wp-block-image size-large\"><img loading=\"lazy\" decoding=\"async\" width=\"800\" height=\"800\" data-id=\"79\" src=\"https:\/\/danish-biofiber.com\/wp-content\/uploads\/2023\/03\/ECO-BIO-urne-green-blue.jpg\" alt=\"ECO-BIO urne green-blue Danish Biofiber\" class=\"wp-image-79\" srcset=\"https:\/\/danish-biofiber.com\/wp-content\/uploads\/2023\/03\/ECO-BIO-urne-green-blue.jpg 800w, https:\/\/danish-biofiber.com\/wp-content\/uploads\/2023\/03\/ECO-BIO-urne-green-blue-300x300.jpg 300w, https:\/\/danish-biofiber.com\/wp-content\/uploads\/2023\/03\/ECO-BIO-urne-green-blue-150x150.jpg 150w, https:\/\/danish-biofiber.com\/wp-content\/uploads\/2023\/03\/ECO-BIO-urne-green-blue-768x768.jpg 768w\" sizes=\"auto, (max-width: 800px) 100vw, 800px\" \/><figcaption class=\"wp-element-caption\">ECO-BIO urne green-blue Danish Biofiber<\/figcaption><\/figure>\n\n\n\n<figure class=\"wp-block-image size-large\"><img loading=\"lazy\" decoding=\"async\" width=\"800\" height=\"800\" data-id=\"81\" src=\"https:\/\/danish-biofiber.com\/wp-content\/uploads\/2023\/03\/ECO-BIO-urne-green-red.jpg\" alt=\"ECO-BIO urne green-red Danish Biofiber\" class=\"wp-image-81\" srcset=\"https:\/\/danish-biofiber.com\/wp-content\/uploads\/2023\/03\/ECO-BIO-urne-green-red.jpg 800w, https:\/\/danish-biofiber.com\/wp-content\/uploads\/2023\/03\/ECO-BIO-urne-green-red-300x300.jpg 300w, https:\/\/danish-biofiber.com\/wp-content\/uploads\/2023\/03\/ECO-BIO-urne-green-red-150x150.jpg 150w, https:\/\/danish-biofiber.com\/wp-content\/uploads\/2023\/03\/ECO-BIO-urne-green-red-768x768.jpg 768w\" sizes=\"auto, (max-width: 800px) 100vw, 800px\" \/><figcaption class=\"wp-element-caption\">ECO-BIO urne green-red Danish Biofiber<\/figcaption><\/figure>\n\n\n\n<figure class=\"wp-block-image size-large\"><img loading=\"lazy\" decoding=\"async\" width=\"800\" height=\"800\" data-id=\"86\" src=\"https:\/\/danish-biofiber.com\/wp-content\/uploads\/2023\/03\/ECO-BIO-urne-red-red.jpg\" alt=\"ECO-BIO urne red-red Danish Biofiber\" class=\"wp-image-86\" srcset=\"https:\/\/danish-biofiber.com\/wp-content\/uploads\/2023\/03\/ECO-BIO-urne-red-red.jpg 800w, https:\/\/danish-biofiber.com\/wp-content\/uploads\/2023\/03\/ECO-BIO-urne-red-red-300x300.jpg 300w, https:\/\/danish-biofiber.com\/wp-content\/uploads\/2023\/03\/ECO-BIO-urne-red-red-150x150.jpg 150w, https:\/\/danish-biofiber.com\/wp-content\/uploads\/2023\/03\/ECO-BIO-urne-red-red-768x768.jpg 768w\" sizes=\"auto, (max-width: 800px) 100vw, 800px\" \/><figcaption class=\"wp-element-caption\">ECO-BIO urne red-red Danish Biofiber<\/figcaption><\/figure>\n\n\n\n<figure class=\"wp-block-image size-large\"><img loading=\"lazy\" decoding=\"async\" width=\"800\" height=\"800\" data-id=\"88\" src=\"https:\/\/danish-biofiber.com\/wp-content\/uploads\/2023\/03\/ECO-BIO-urne-red-white.jpg\" alt=\"ECO-BIO urne red-white Danish Biofiber\" class=\"wp-image-88\" srcset=\"https:\/\/danish-biofiber.com\/wp-content\/uploads\/2023\/03\/ECO-BIO-urne-red-white.jpg 800w, https:\/\/danish-biofiber.com\/wp-content\/uploads\/2023\/03\/ECO-BIO-urne-red-white-300x300.jpg 300w, https:\/\/danish-biofiber.com\/wp-content\/uploads\/2023\/03\/ECO-BIO-urne-red-white-150x150.jpg 150w, https:\/\/danish-biofiber.com\/wp-content\/uploads\/2023\/03\/ECO-BIO-urne-red-white-768x768.jpg 768w\" sizes=\"auto, (max-width: 800px) 100vw, 800px\" \/><figcaption class=\"wp-element-caption\">ECO-BIO urne red-white Danish Biofiber<\/figcaption><\/figure>\n\n\n\n<figure class=\"wp-block-image size-large\"><img loading=\"lazy\" decoding=\"async\" width=\"800\" height=\"800\" data-id=\"84\" src=\"https:\/\/danish-biofiber.com\/wp-content\/uploads\/2023\/03\/ECO-BIO-urne-red-blue.jpg\" alt=\"ECO-BIO urne red-blue Danish Biofiber\" class=\"wp-image-84\" srcset=\"https:\/\/danish-biofiber.com\/wp-content\/uploads\/2023\/03\/ECO-BIO-urne-red-blue.jpg 800w, https:\/\/danish-biofiber.com\/wp-content\/uploads\/2023\/03\/ECO-BIO-urne-red-blue-300x300.jpg 300w, https:\/\/danish-biofiber.com\/wp-content\/uploads\/2023\/03\/ECO-BIO-urne-red-blue-150x150.jpg 150w, https:\/\/danish-biofiber.com\/wp-content\/uploads\/2023\/03\/ECO-BIO-urne-red-blue-768x768.jpg 768w\" sizes=\"auto, (max-width: 800px) 100vw, 800px\" \/><figcaption class=\"wp-element-caption\">ECO-BIO urne red-blue Danish Biofiber<\/figcaption><\/figure>\n\n\n\n<figure class=\"wp-block-image size-large\"><img loading=\"lazy\" decoding=\"async\" width=\"800\" height=\"800\" data-id=\"85\" src=\"https:\/\/danish-biofiber.com\/wp-content\/uploads\/2023\/03\/ECO-BIO-urne-red-green.jpg\" alt=\"ECO-BIO urne red-green Danish Biofiber\" class=\"wp-image-85\" srcset=\"https:\/\/danish-biofiber.com\/wp-content\/uploads\/2023\/03\/ECO-BIO-urne-red-green.jpg 800w, https:\/\/danish-biofiber.com\/wp-content\/uploads\/2023\/03\/ECO-BIO-urne-red-green-300x300.jpg 300w, https:\/\/danish-biofiber.com\/wp-content\/uploads\/2023\/03\/ECO-BIO-urne-red-green-150x150.jpg 150w, https:\/\/danish-biofiber.com\/wp-content\/uploads\/2023\/03\/ECO-BIO-urne-red-green-768x768.jpg 768w\" sizes=\"auto, (max-width: 800px) 100vw, 800px\" \/><figcaption class=\"wp-element-caption\">ECO-BIO urne red-green Danish Biofiber<\/figcaption><\/figure>\n<\/figure>\n\n\n\n<figure class=\"wp-block-pullquote has-white-color has-text-color has-background\" style=\"border-radius:100px;background-color:#009846\"><blockquote><p><strong><em>Wir haben einen Vorrat an Urnen, die nicht in unseren Standardfarben sind, die wir zu einem g\u00fcnstigen Preis verkaufen. Wenn dies von Interesse ist, k\u00f6nnen wir f\u00fcr weitere Informationen kontaktiert werden.<\/em><\/strong><\/p><\/blockquote><\/figure>\n","protected":false},"excerpt":{"rendered":"<p>Diese in D\u00e4nemark entwickelte Umwelturne besteht aus Pflanzenfasern und zersetzt sich problemlos in der Natur<\/p>\n","protected":false},"author":1,"featured_media":0,"parent":0,"menu_order":0,"comment_status":"closed","ping_status":"closed","template":"","meta":{"footnotes":""},"class_list":["post-109","page","type-page","status-publish","hentry"],"aioseo_notices":[],"_links":{"self":[{"href":"https:\/\/danish-biofiber.com\/index.php\/wp-json\/wp\/v2\/pages\/109","targetHints":{"allow":["GET"]}}],"collection":[{"href":"https:\/\/danish-biofiber.com\/index.php\/wp-json\/wp\/v2\/pages"}],"about":[{"href":"https:\/\/danish-biofiber.com\/index.php\/wp-json\/wp\/v2\/types\/page"}],"author":[{"embeddable":true,"href":"https:\/\/danish-biofiber.com\/index.php\/wp-json\/wp\/v2\/users\/1"}],"replies":[{"embeddable":true,"href":"https:\/\/danish-biofiber.com\/index.php\/wp-json\/wp\/v2\/comments?post=109"}],"version-history":[{"count":5,"href":"https:\/\/danish-biofiber.com\/index.php\/wp-json\/wp\/v2\/pages\/109\/revisions"}],"predecessor-version":[{"id":151,"href":"https:\/\/danish-biofiber.com\/index.php\/wp-json\/wp\/v2\/pages\/109\/revisions\/151"}],"wp:attachment":[{"href":"https:\/\/danish-biofiber.com\/index.php\/wp-json\/wp\/v2\/media?parent=109"}],"curies":[{"name":"wp","href":"https:\/\/api.w.org\/{rel}","templated":true}]}}